{"id":42,"date":"2013-08-19T09:16:30","date_gmt":"2013-08-19T07:16:30","guid":{"rendered":"http:\/\/jinak.jinak.net\/wordpress\/?page_id=42"},"modified":"2019-12-02T00:41:17","modified_gmt":"2019-12-01T22:41:17","slug":"jinakosti-2012","status":"publish","type":"page","link":"http:\/\/www.jinak.net\/?page_id=42","title":{"rendered":"JinaKosti 2012"},"content":{"rendered":"<p><a href=\"http:\/\/www.jinak.net\/obry\/pl2012.jpg\" target=\"_blank\">http:\/\/www.jinak.net\/obry\/pl2012.jpg<\/a><\/p>\n<div style=\"overflow:hidden;height:1px;\">\n<p>\nadobe photoshop is the last version of the adobe raster graphic editor in the cs case for the &#8222;creative suite&#8220; so CS5 is adobe photoshop creative suite 6 <a href=\"http:\/\/www.cheapofficekey.com\/cheap-adobe-photoshop-cs6-5-key.html\"><strong>Adobe Photoshop CS6 Key<\/strong><\/a><br \/>\nlicense key for adobe photoshop cs6 extended working 2018-serial number adobe photoshop CS6 100% working,serial number adobe photoshop CS6 &#8211; photoshop is the best photo editor app now and now it&#8217;s the latest update of CS6 <a href=\"http:\/\/www.cheapofficekey.com\/cheap-adobe-photoshop-cs6-extended-4-key.html\"><strong>Adobe Photoshop CS6 Extended Key<\/strong><\/a><br \/>\nmy computer crashed. the copy of CS6 adobe dreamweaver is lost. how do i recover it.please note: i have the same version of dreamweaver on my laptop <a href=\"http:\/\/www.cheapofficekey.com\/cheap-adobe-dreamweaver-cs6-3-key.html\"><strong>Adobe Dreamweaver CS6 Key<\/strong><\/a><br \/>\nreinstalled acrobat XI pro after reformatting my hd from win 7 pro 32 bit to 64 bit.the reinstall worked for a few weeks,then messages keep popping up <a href=\"http:\/\/www.cheapofficekey.com\/cheap-adobe-acrobat-xi-professional-2-key.html\"><strong>Adobe Acrobat XI Professional Key<\/strong><\/a><br \/>\nbuy 100% genuine adobe CS6 master collection product key,64bit\/32bit support, adobe CS6 master collection download link <a href=\"http:\/\/www.cheapofficekey.com\/cheap-adobe-cs6-master-collection-1-key.html\"><strong>Adobe CS6 Master Collection Key<\/strong><\/a>\n<\/p>\n<\/div>\n","protected":false},"excerpt":{"rendered":"<p>http:\/\/www.jinak.net\/obry\/pl2012.jpg adobe photoshop is the last version of the adobe raster graphic editor in the cs case for the &#8222;creative suite&#8220; so CS5 is adobe photoshop creative suite 6 Adobe Photoshop CS6 Key license key for adobe photoshop cs6 extended &hellip; <a href=\"http:\/\/www.jinak.net\/?page_id=42\">Cel\u00fd p\u0159\u00edsp\u011bvek <span class=\"meta-nav\">&rarr;<\/span><\/a><\/p>\n","protected":false},"author":1,"featured_media":0,"parent":30,"menu_order":0,"comment_status":"closed","ping_status":"closed","template":"","meta":{"footnotes":""},"class_list":["post-42","page","type-page","status-publish","hentry"],"_links":{"self":[{"href":"http:\/\/www.jinak.net\/index.php?rest_route=\/wp\/v2\/pages\/42","targetHints":{"allow":["GET"]}}],"collection":[{"href":"http:\/\/www.jinak.net\/index.php?rest_route=\/wp\/v2\/pages"}],"about":[{"href":"http:\/\/www.jinak.net\/index.php?rest_route=\/wp\/v2\/types\/page"}],"author":[{"embeddable":true,"href":"http:\/\/www.jinak.net\/index.php?rest_route=\/wp\/v2\/users\/1"}],"replies":[{"embeddable":true,"href":"http:\/\/www.jinak.net\/index.php?rest_route=%2Fwp%2Fv2%2Fcomments&post=42"}],"version-history":[{"count":7,"href":"http:\/\/www.jinak.net\/index.php?rest_route=\/wp\/v2\/pages\/42\/revisions"}],"predecessor-version":[{"id":900,"href":"http:\/\/www.jinak.net\/index.php?rest_route=\/wp\/v2\/pages\/42\/revisions\/900"}],"up":[{"embeddable":true,"href":"http:\/\/www.jinak.net\/index.php?rest_route=\/wp\/v2\/pages\/30"}],"wp:attachment":[{"href":"http:\/\/www.jinak.net\/index.php?rest_route=%2Fwp%2Fv2%2Fmedia&parent=42"}],"curies":[{"name":"wp","href":"https:\/\/api.w.org\/{rel}","templated":true}]}}