{"id":48,"date":"2013-08-19T09:18:55","date_gmt":"2013-08-19T07:18:55","guid":{"rendered":"http:\/\/jinak.jinak.net\/wordpress\/?page_id=48"},"modified":"2025-01-02T14:25:53","modified_gmt":"2025-01-02T12:25:53","slug":"kontakty","status":"publish","type":"page","link":"http:\/\/www.jinak.net\/?page_id=48","title":{"rendered":"Kontaktn\u00ed \u00fadaje"},"content":{"rendered":"\t\t<div data-elementor-type=\"wp-page\" data-elementor-id=\"48\" class=\"elementor elementor-48\">\n\t\t\t\t\t\t<section class=\"elementor-section elementor-top-section elementor-element elementor-element-b36b4d0 elementor-section-boxed elementor-section-height-default elementor-section-height-default\" data-id=\"b36b4d0\" data-element_type=\"section\">\n\t\t\t\t\t\t<div class=\"elementor-container elementor-column-gap-default\">\n\t\t\t\t\t<div class=\"elementor-column elementor-col-100 elementor-top-column elementor-element elementor-element-2444cf4\" data-id=\"2444cf4\" data-element_type=\"column\">\n\t\t\t<div class=\"elementor-widget-wrap elementor-element-populated\">\n\t\t\t\t\t\t<div class=\"elementor-element elementor-element-99cd61e elementor-widget elementor-widget-text-editor\" data-id=\"99cd61e\" data-element_type=\"widget\" data-widget_type=\"text-editor.default\">\n\t\t\t\t<div class=\"elementor-widget-container\">\n\t\t\t\t\t\t\t\t\t<p>Ji.na.k, z.s.<br \/><strong>Kontaktn\u00ed adresa:<\/strong><br \/>Pol\u00e1\u010dkova 5295\/17, 586 01 Jihlava<br \/><strong>I\u010cO:<\/strong> 22677259<br \/><strong>Kontaktn\u00ed e-mail:<\/strong><br \/>jinak2007@gmail.com<\/p>\t\t\t\t\t\t\t\t<\/div>\n\t\t\t\t<\/div>\n\t\t\t\t\t<\/div>\n\t\t<\/div>\n\t\t\t\t\t<\/div>\n\t\t<\/section>\n\t\t\t\t<section class=\"elementor-section elementor-top-section elementor-element elementor-element-85293d4 elementor-section-boxed elementor-section-height-default elementor-section-height-default\" data-id=\"85293d4\" data-element_type=\"section\">\n\t\t\t\t\t\t<div class=\"elementor-container elementor-column-gap-default\">\n\t\t\t\t\t<div class=\"elementor-column elementor-col-50 elementor-top-column elementor-element elementor-element-a3d930e\" data-id=\"a3d930e\" data-element_type=\"column\">\n\t\t\t<div class=\"elementor-widget-wrap elementor-element-populated\">\n\t\t\t\t\t\t<div class=\"elementor-element elementor-element-34f3b13 elementor-widget elementor-widget-image\" data-id=\"34f3b13\" data-element_type=\"widget\" data-widget_type=\"image.default\">\n\t\t\t\t<div class=\"elementor-widget-container\">\n\t\t\t\t\t\t\t\t\t\t\t\t\t\t\t<img fetchpriority=\"high\" decoding=\"async\" width=\"584\" height=\"585\" src=\"http:\/\/www.jinak.net\/wp-content\/uploads\/2024\/05\/21752625_10213176809469938_3565406504343868900_o-1022x1024.jpg\" class=\"attachment-large size-large wp-image-4224\" alt=\"\" srcset=\"http:\/\/www.jinak.net\/wp-content\/uploads\/2024\/05\/21752625_10213176809469938_3565406504343868900_o-1022x1024.jpg 1022w, http:\/\/www.jinak.net\/wp-content\/uploads\/2024\/05\/21752625_10213176809469938_3565406504343868900_o-300x300.jpg 300w, http:\/\/www.jinak.net\/wp-content\/uploads\/2024\/05\/21752625_10213176809469938_3565406504343868900_o-150x150.jpg 150w, http:\/\/www.jinak.net\/wp-content\/uploads\/2024\/05\/21752625_10213176809469938_3565406504343868900_o-768x770.jpg 768w, http:\/\/www.jinak.net\/wp-content\/uploads\/2024\/05\/21752625_10213176809469938_3565406504343868900_o-299x300.jpg 299w, http:\/\/www.jinak.net\/wp-content\/uploads\/2024\/05\/21752625_10213176809469938_3565406504343868900_o.jpg 1330w\" sizes=\"(max-width: 584px) 100vw, 584px\" \/>\t\t\t\t\t\t\t\t\t\t\t\t\t\t\t<\/div>\n\t\t\t\t<\/div>\n\t\t\t\t\t<\/div>\n\t\t<\/div>\n\t\t\t\t<div class=\"elementor-column elementor-col-50 elementor-top-column elementor-element elementor-element-6029bd7\" data-id=\"6029bd7\" data-element_type=\"column\">\n\t\t\t<div class=\"elementor-widget-wrap elementor-element-populated\">\n\t\t\t\t\t\t<div class=\"elementor-element elementor-element-299f143 elementor-widget elementor-widget-heading\" data-id=\"299f143\" data-element_type=\"widget\" data-widget_type=\"heading.default\">\n\t\t\t\t<div class=\"elementor-widget-container\">\n\t\t\t\t\t<h2 class=\"elementor-heading-title elementor-size-default\">P\u0159edseda<\/h2>\t\t\t\t<\/div>\n\t\t\t\t<\/div>\n\t\t\t\t<div class=\"elementor-element elementor-element-53445aa elementor-widget elementor-widget-text-editor\" data-id=\"53445aa\" data-element_type=\"widget\" data-widget_type=\"text-editor.default\">\n\t\t\t\t<div class=\"elementor-widget-container\">\n\t\t\t\t\t\t\t\t\t<p><b>Luk\u00e1\u0161 \u010cern\u00fd<\/b><\/p>\t\t\t\t\t\t\t\t<\/div>\n\t\t\t\t<\/div>\n\t\t\t\t\t<\/div>\n\t\t<\/div>\n\t\t\t\t\t<\/div>\n\t\t<\/section>\n\t\t\t\t<section class=\"elementor-section elementor-top-section elementor-element elementor-element-5c81ea4 elementor-section-boxed elementor-section-height-default elementor-section-height-default\" data-id=\"5c81ea4\" data-element_type=\"section\">\n\t\t\t\t\t\t<div class=\"elementor-container elementor-column-gap-default\">\n\t\t\t\t\t<div class=\"elementor-column elementor-col-50 elementor-top-column elementor-element elementor-element-7206a8f\" data-id=\"7206a8f\" data-element_type=\"column\">\n\t\t\t<div class=\"elementor-widget-wrap elementor-element-populated\">\n\t\t\t\t\t\t<div class=\"elementor-element elementor-element-30a76a7 elementor-widget elementor-widget-image\" data-id=\"30a76a7\" data-element_type=\"widget\" data-widget_type=\"image.default\">\n\t\t\t\t<div class=\"elementor-widget-container\">\n\t\t\t\t\t\t\t\t\t\t\t\t\t\t\t<img decoding=\"async\" width=\"584\" height=\"584\" src=\"http:\/\/www.jinak.net\/wp-content\/uploads\/2025\/01\/IMG_2233-1024x1024.jpeg\" class=\"attachment-large size-large wp-image-4512\" alt=\"M\u00edstop\u0159edseda spolku Jinak - Aneta Hrdli\u010dkova\" srcset=\"http:\/\/www.jinak.net\/wp-content\/uploads\/2025\/01\/IMG_2233-1024x1024.jpeg 1024w, http:\/\/www.jinak.net\/wp-content\/uploads\/2025\/01\/IMG_2233-300x300.jpeg 300w, http:\/\/www.jinak.net\/wp-content\/uploads\/2025\/01\/IMG_2233-150x150.jpeg 150w, http:\/\/www.jinak.net\/wp-content\/uploads\/2025\/01\/IMG_2233-768x768.jpeg 768w, http:\/\/www.jinak.net\/wp-content\/uploads\/2025\/01\/IMG_2233-1536x1536.jpeg 1536w, http:\/\/www.jinak.net\/wp-content\/uploads\/2025\/01\/IMG_2233.jpeg 1708w\" sizes=\"(max-width: 584px) 100vw, 584px\" \/>\t\t\t\t\t\t\t\t\t\t\t\t\t\t\t<\/div>\n\t\t\t\t<\/div>\n\t\t\t\t\t<\/div>\n\t\t<\/div>\n\t\t\t\t<div class=\"elementor-column elementor-col-50 elementor-top-column elementor-element elementor-element-dd2e9de\" data-id=\"dd2e9de\" data-element_type=\"column\">\n\t\t\t<div class=\"elementor-widget-wrap elementor-element-populated\">\n\t\t\t\t\t\t<div class=\"elementor-element elementor-element-e7f6584 elementor-widget elementor-widget-heading\" data-id=\"e7f6584\" data-element_type=\"widget\" data-widget_type=\"heading.default\">\n\t\t\t\t<div class=\"elementor-widget-container\">\n\t\t\t\t\t<h2 class=\"elementor-heading-title elementor-size-default\">M\u00edstop\u0159edseda<\/h2>\t\t\t\t<\/div>\n\t\t\t\t<\/div>\n\t\t\t\t<div class=\"elementor-element elementor-element-2e4d160 elementor-widget elementor-widget-text-editor\" data-id=\"2e4d160\" data-element_type=\"widget\" data-widget_type=\"text-editor.default\">\n\t\t\t\t<div class=\"elementor-widget-container\">\n\t\t\t\t\t\t\t\t\t<p><b>Aneta Hrdli\u010dkov\u00e1<\/b><\/p>\t\t\t\t\t\t\t\t<\/div>\n\t\t\t\t<\/div>\n\t\t\t\t\t<\/div>\n\t\t<\/div>\n\t\t\t\t\t<\/div>\n\t\t<\/section>\n\t\t\t\t<section class=\"elementor-section elementor-top-section elementor-element elementor-element-db2ba03 elementor-section-boxed elementor-section-height-default elementor-section-height-default\" data-id=\"db2ba03\" data-element_type=\"section\">\n\t\t\t\t\t\t<div class=\"elementor-container elementor-column-gap-default\">\n\t\t\t\t\t<div class=\"elementor-column elementor-col-100 elementor-top-column elementor-element elementor-element-4d9d781\" data-id=\"4d9d781\" data-element_type=\"column\">\n\t\t\t<div class=\"elementor-widget-wrap\">\n\t\t\t\t\t\t\t<\/div>\n\t\t<\/div>\n\t\t\t\t\t<\/div>\n\t\t<\/section>\n\t\t\t\t<\/div>\n\t\t","protected":false},"excerpt":{"rendered":"<p>Ji.na.k, z.s.Kontaktn\u00ed adresa:Pol\u00e1\u010dkova 5295\/17, 586 01 JihlavaI\u010cO: 22677259Kontaktn\u00ed e-mail:jinak2007@gmail.com P\u0159edseda Luk\u00e1\u0161 \u010cern\u00fd M\u00edstop\u0159edseda Aneta Hrdli\u010dkov\u00e1<\/p>\n","protected":false},"author":1,"featured_media":0,"parent":0,"menu_order":4,"comment_status":"closed","ping_status":"closed","template":"","meta":{"footnotes":""},"class_list":["post-48","page","type-page","status-publish","hentry"],"_links":{"self":[{"href":"http:\/\/www.jinak.net\/index.php?rest_route=\/wp\/v2\/pages\/48","targetHints":{"allow":["GET"]}}],"collection":[{"href":"http:\/\/www.jinak.net\/index.php?rest_route=\/wp\/v2\/pages"}],"about":[{"href":"http:\/\/www.jinak.net\/index.php?rest_route=\/wp\/v2\/types\/page"}],"author":[{"embeddable":true,"href":"http:\/\/www.jinak.net\/index.php?rest_route=\/wp\/v2\/users\/1"}],"replies":[{"embeddable":true,"href":"http:\/\/www.jinak.net\/index.php?rest_route=%2Fwp%2Fv2%2Fcomments&post=48"}],"version-history":[{"count":17,"href":"http:\/\/www.jinak.net\/index.php?rest_route=\/wp\/v2\/pages\/48\/revisions"}],"predecessor-version":[{"id":4515,"href":"http:\/\/www.jinak.net\/index.php?rest_route=\/wp\/v2\/pages\/48\/revisions\/4515"}],"wp:attachment":[{"href":"http:\/\/www.jinak.net\/index.php?rest_route=%2Fwp%2Fv2%2Fmedia&parent=48"}],"curies":[{"name":"wp","href":"https:\/\/api.w.org\/{rel}","templated":true}]}}